{"id":7,"date":"2017-12-19T21:21:58","date_gmt":"2017-12-19T21:21:58","guid":{"rendered":"http:\/\/vetcoaticook.imacom.qc.ca\/animaux-de-compagnie\/?page_id=7"},"modified":"2023-09-26T12:12:12","modified_gmt":"2023-09-26T16:12:12","slug":"accueil","status":"publish","type":"page","link":"https:\/\/vetcoaticook.ca\/animaux-de-compagnie\/","title":{"rendered":"Accueil"},"content":{"rendered":"<div id=\"pl-7\"  class=\"panel-layout\" ><div id=\"pg-7-0\"  class=\"panel-grid panel-no-style\" ><div id=\"pgc-7-0-0\"  class=\"panel-grid-cell\" ><div id=\"panel-7-0-0-0\" class=\"so-panel widget widget_sow-slider panel-first-child panel-last-child\" data-index=\"0\" ><div class=\"panel-widget-style panel-widget-style-for-7-0-0-0\" ><div\n\t\t\t\n\t\t\tclass=\"so-widget-sow-slider so-widget-sow-slider-default-6d39609536fd-7\"\n\t\t\t\n\t\t>\t\t\t\t<div class=\"sow-slider-base\" style=\"display: none\" tabindex=\"0\">\n\t\t\t\t\t<ul\n\t\t\t\t\tclass=\"sow-slider-images\"\n\t\t\t\t\tdata-settings=\"{&quot;pagination&quot;:true,&quot;speed&quot;:800,&quot;timeout&quot;:8000,&quot;paused&quot;:false,&quot;pause_on_hover&quot;:false,&quot;swipe&quot;:true,&quot;nav_always_show_desktop&quot;:&quot;&quot;,&quot;nav_always_show_mobile&quot;:&quot;&quot;,&quot;breakpoint&quot;:&quot;780px&quot;,&quot;unmute&quot;:false,&quot;anchor&quot;:null}\"\n\t\t\t\t\t\t\t\t\t\tdata-anchor-id=\"\"\n\t\t\t\t>\t\t<li class=\"sow-slider-image\" style=\"visibility: visible;\" >\n\t\t\t\t\t\t<img loading=\"lazy\" decoding=\"async\" width=\"1650\" height=\"500\" src=\"https:\/\/vetcoaticook.ca\/animaux-de-compagnie\/wp-content\/uploads\/sites\/2\/2018\/01\/CVC_flexslider-1-bleu.jpg\" class=\"sow-slider-background-image\" alt=\"\" style=\"\" srcset=\"https:\/\/vetcoaticook.ca\/animaux-de-compagnie\/wp-content\/uploads\/sites\/2\/2018\/01\/CVC_flexslider-1-bleu.jpg 1650w, https:\/\/vetcoaticook.ca\/animaux-de-compagnie\/wp-content\/uploads\/sites\/2\/2018\/01\/CVC_flexslider-1-bleu-300x91.jpg 300w, https:\/\/vetcoaticook.ca\/animaux-de-compagnie\/wp-content\/uploads\/sites\/2\/2018\/01\/CVC_flexslider-1-bleu-768x233.jpg 768w, https:\/\/vetcoaticook.ca\/animaux-de-compagnie\/wp-content\/uploads\/sites\/2\/2018\/01\/CVC_flexslider-1-bleu-1024x310.jpg 1024w\" sizes=\"auto, (max-width: 1650px) 100vw, 1650px\" \/>\t\t<\/li>\n\t\t\t\t<li class=\"sow-slider-image\" style=\"visibility: hidden;\" >\n\t\t\t\t\t\t<img loading=\"lazy\" decoding=\"async\" width=\"1650\" height=\"500\" src=\"https:\/\/vetcoaticook.ca\/animaux-de-compagnie\/wp-content\/uploads\/sites\/2\/2018\/01\/CVC_flexslider-2-bleu.jpg\" class=\"sow-slider-background-image\" alt=\"\" style=\"\" srcset=\"https:\/\/vetcoaticook.ca\/animaux-de-compagnie\/wp-content\/uploads\/sites\/2\/2018\/01\/CVC_flexslider-2-bleu.jpg 1650w, https:\/\/vetcoaticook.ca\/animaux-de-compagnie\/wp-content\/uploads\/sites\/2\/2018\/01\/CVC_flexslider-2-bleu-300x91.jpg 300w, https:\/\/vetcoaticook.ca\/animaux-de-compagnie\/wp-content\/uploads\/sites\/2\/2018\/01\/CVC_flexslider-2-bleu-768x233.jpg 768w, https:\/\/vetcoaticook.ca\/animaux-de-compagnie\/wp-content\/uploads\/sites\/2\/2018\/01\/CVC_flexslider-2-bleu-1024x310.jpg 1024w\" sizes=\"auto, (max-width: 1650px) 100vw, 1650px\" \/>\t\t<\/li>\n\t\t<\/ul>\t\t\t\t<ol class=\"sow-slider-pagination\">\n\t\t\t\t\t\t\t\t\t\t\t<li><a href=\"#\" data-goto=\"0\" aria-label=\"Display slide 1\"><\/a><\/li>\n\t\t\t\t\t\t\t\t\t\t\t<li><a href=\"#\" data-goto=\"1\" aria-label=\"Display slide 2\"><\/a><\/li>\n\t\t\t\t\t\t\t\t\t<\/ol>\n\n\t\t\t\t<div class=\"sow-slide-nav sow-slide-nav-next\">\n\t\t\t\t\t<a href=\"#\" data-goto=\"next\" aria-label=\"Next slide\" data-action=\"next\">\n\t\t\t\t\t\t<em class=\"sow-sld-icon-thin-right\"><\/em>\n\t\t\t\t\t<\/a>\n\t\t\t\t<\/div>\n\n\t\t\t\t<div class=\"sow-slide-nav sow-slide-nav-prev\">\n\t\t\t\t\t<a href=\"#\" data-goto=\"previous\" aria-label=\"Previous slide\" data-action=\"prev\">\n\t\t\t\t\t\t<em class=\"sow-sld-icon-thin-left\"><\/em>\n\t\t\t\t\t<\/a>\n\t\t\t\t<\/div>\n\t\t\t\t<\/div><\/div><\/div><\/div><\/div><\/div><div id=\"pg-7-1\"  class=\"panel-grid panel-has-style\" ><div class=\"panel-row-style panel-row-style-for-7-1\" ><div id=\"pgc-7-1-0\"  class=\"panel-grid-cell\" ><div id=\"panel-7-1-0-0\" class=\"widget_text so-panel widget widget_custom_html panel-first-child panel-last-child\" data-index=\"1\" ><div class=\"textwidget custom-html-widget\"><ul class=\"qlinks\"><li class=\"mn2\"><a href=\"#bloc2\">DENTISTERIE<\/a><\/li><li class=\"mn3\"><a href=\"#bloc3\">CARDIOLOGIE<\/a><\/li><li class=\"mn5\"><a href=\"\/animaux-de-compagnie\/diagnostic\/\">DIAGNOSTIC<\/a><\/li><li class=\"mn4\"><a href=\"\/animaux-de-compagnie\/soins-et-premiers-soins\/\">SOINS ET PREMIERS SOINS<\/a><\/li><li class=\"mn6\"><a href=\"#bloc6\">NUTRITION<\/a><\/li><\/ul><\/div><\/div><\/div><\/div><\/div><div id=\"pg-7-2\"  class=\"panel-grid panel-no-style\" ><div id=\"pgc-7-2-0\"  class=\"panel-grid-cell\" ><div id=\"panel-7-2-0-0\" class=\"so-panel widget widget_text panel-first-child panel-last-child\" data-index=\"2\" >\t\t\t<div class=\"textwidget\"><p class=\"center\">La Clinique V\u00e9t\u00e9rinaire de Coaticook offre des soins professionnels de qualit\u00e9 pour le bien \u00eatre de votre petit animal de compagnie dans la r\u00e9gion de Coaticook et environ. Notre clinique offre une gamme compl\u00e8te de services v\u00e9t\u00e9rinaires tels que: m\u00e9decine g\u00e9n\u00e9rale, dentisterie, cardiologie, laboratoire complet, radiographie num\u00e9rique et dentaire. Notre boutique v\u00e9t\u00e9rinaire propose une gamme de nourritures sp\u00e9cialis\u00e9e et une multitude d\u2019accessoires pour vos petits animaux.<\/p>\n<p class=\"center\">L\u2019\u00e9quipe de m\u00e9decins v\u00e9t\u00e9rinaires et de techniciens en sant\u00e9 animale demeure continuellement \u00e0 la fine pointe des connaissances et des techniques afin de favoriser le bien \u00eatre de votre petit compagnon.<\/p>\n<p class=\"center\">Vos petits c\u0153urs sont importants pour nous !<\/p>\n<p class=\"center\"><img loading=\"lazy\" decoding=\"async\" class=\"alignnone size-full wp-image-119\" src=\"http:\/\/vetcoaticook.ca\/animaux-de-compagnie\/wp-content\/uploads\/sites\/2\/2017\/12\/logo-cat-friendly.png\" alt=\"\" width=\"250\" height=\"96\" \/><\/p>\n<\/div>\n\t\t<\/div><\/div><\/div><div id=\"pg-7-3\"  class=\"panel-grid panel-has-style\" ><div class=\"panel-row-style panel-row-style-for-7-3\" ><div id=\"pgc-7-3-0\"  class=\"panel-grid-cell\" ><div id=\"panel-7-3-0-0\" class=\"so-panel widget widget_media_image panel-first-child panel-last-child\" data-index=\"3\" ><div class=\"bloc-img panel-widget-style panel-widget-style-for-7-3-0-0\" ><img loading=\"lazy\" decoding=\"async\" width=\"415\" height=\"415\" src=\"https:\/\/vetcoaticook.ca\/animaux-de-compagnie\/wp-content\/uploads\/sites\/2\/2017\/12\/img-bloc2.jpg\" class=\"image wp-image-125  attachment-full size-full\" alt=\"\" style=\"max-width: 100%; height: auto;\" srcset=\"https:\/\/vetcoaticook.ca\/animaux-de-compagnie\/wp-content\/uploads\/sites\/2\/2017\/12\/img-bloc2.jpg 415w, https:\/\/vetcoaticook.ca\/animaux-de-compagnie\/wp-content\/uploads\/sites\/2\/2017\/12\/img-bloc2-150x150.jpg 150w, https:\/\/vetcoaticook.ca\/animaux-de-compagnie\/wp-content\/uploads\/sites\/2\/2017\/12\/img-bloc2-300x300.jpg 300w\" sizes=\"auto, (max-width: 415px) 100vw, 415px\" \/><\/div><\/div><\/div><div id=\"pgc-7-3-1\"  class=\"panel-grid-cell\" ><div id=\"panel-7-3-1-0\" class=\"so-panel widget widget_text panel-first-child panel-last-child\" data-index=\"4\" ><div class=\"text-accueil panel-widget-style panel-widget-style-for-7-3-1-0\" >\t\t\t<div class=\"textwidget\"><p><a id=\"bloc2\"><\/a><\/p>\n<h2 style=\"color: black;\">DENTISTERIE<\/h2>\n<p>La qualit\u00e9 et la diversit\u00e9 des soins v\u00e9t\u00e9rinaires est en constante croissance \u00e0 travers le monde. La dentisterie est une des disciplines v\u00e9t\u00e9rinaires qui s&rsquo;est le plus d\u00e9velopp\u00e9e au cours de la derni\u00e8re d\u00e9cennie. Plusieurs interventions ne sont encore possibles que chez les v\u00e9t\u00e9rinaires sp\u00e9cialis\u00e9s en dentisterie mais de plus en plus de soins de dentisterie sont disponibles chez votre v\u00e9t\u00e9rinaire \u00abde\u00a0famille\u00bb.<\/p>\n<a class=\"maxbutton-1 maxbutton maxbutton-dentisterie\" href=\"\/animaux-de-compagnie\/dentisterie\/\"><span class='mb-text'>EN SAVOIR PLUS<\/span><\/a>\n<\/div>\n\t\t<\/div><\/div><\/div><\/div><\/div><div id=\"pg-7-4\"  class=\"panel-grid panel-has-style\" ><div class=\"panel-row-style panel-row-style-for-7-4\" ><div id=\"pgc-7-4-0\"  class=\"panel-grid-cell\" ><div id=\"panel-7-4-0-0\" class=\"so-panel widget widget_media_image panel-first-child panel-last-child\" data-index=\"5\" ><div class=\"bloc-img panel-widget-style panel-widget-style-for-7-4-0-0\" ><img loading=\"lazy\" decoding=\"async\" width=\"415\" height=\"415\" src=\"https:\/\/vetcoaticook.ca\/animaux-de-compagnie\/wp-content\/uploads\/sites\/2\/2017\/12\/img-bloc3.jpg\" class=\"image wp-image-168  attachment-full size-full\" alt=\"\" style=\"max-width: 100%; height: auto;\" srcset=\"https:\/\/vetcoaticook.ca\/animaux-de-compagnie\/wp-content\/uploads\/sites\/2\/2017\/12\/img-bloc3.jpg 415w, https:\/\/vetcoaticook.ca\/animaux-de-compagnie\/wp-content\/uploads\/sites\/2\/2017\/12\/img-bloc3-150x150.jpg 150w, https:\/\/vetcoaticook.ca\/animaux-de-compagnie\/wp-content\/uploads\/sites\/2\/2017\/12\/img-bloc3-300x300.jpg 300w\" sizes=\"auto, (max-width: 415px) 100vw, 415px\" \/><\/div><\/div><\/div><div id=\"pgc-7-4-1\"  class=\"panel-grid-cell\" ><div id=\"panel-7-4-1-0\" class=\"so-panel widget widget_text panel-first-child panel-last-child\" data-index=\"6\" ><div class=\"text-accueil panel-widget-style panel-widget-style-for-7-4-1-0\" >\t\t\t<div class=\"textwidget\"><p><a id=\"bloc3\"><\/a><\/p>\n<h2 style=\"color: black;\">CARDIOLOGIE<\/h2>\n<p>Les affections cardiaques sont fr\u00e9quentes chez les animaux de compagnie. \u00c0 l&rsquo;heure actuelle il est possible en m\u00e9dicine v\u00e9t\u00e9rinaire de prolonger significativement l&rsquo;esp\u00e9rance de vie des patients cardiaques avec le choix appropri\u00e9 de m\u00e9dicament ou d&rsquo;intervention. Toutefois un diagnostic pr\u00e9cis est n\u00e9cessaire pour \u00e9tablir le plan de traitement le plus appropri\u00e9 pour un patient.<\/p>\n<a class=\"maxbutton-1 maxbutton maxbutton-dentisterie\" href=\"\/animaux-de-compagnie\/cardiologie\/\"><span class='mb-text'>EN SAVOIR PLUS<\/span><\/a>\n<\/div>\n\t\t<\/div><\/div><\/div><\/div><\/div><div id=\"pg-7-5\"  class=\"panel-grid panel-has-style\" ><div class=\"panel-row-style panel-row-style-for-7-5\" ><div id=\"pgc-7-5-0\"  class=\"panel-grid-cell\" ><div id=\"panel-7-5-0-0\" class=\"so-panel widget widget_media_image panel-first-child panel-last-child\" data-index=\"7\" ><div class=\"bloc-img panel-widget-style panel-widget-style-for-7-5-0-0\" ><img loading=\"lazy\" decoding=\"async\" width=\"1000\" height=\"739\" src=\"https:\/\/vetcoaticook.ca\/animaux-de-compagnie\/wp-content\/uploads\/sites\/2\/2022\/09\/site-web-2-e1662051111262.png\" class=\"image wp-image-1369  attachment-full size-full\" alt=\"\" style=\"max-width: 100%; height: auto;\" srcset=\"https:\/\/vetcoaticook.ca\/animaux-de-compagnie\/wp-content\/uploads\/sites\/2\/2022\/09\/site-web-2-e1662051111262.png 1000w, https:\/\/vetcoaticook.ca\/animaux-de-compagnie\/wp-content\/uploads\/sites\/2\/2022\/09\/site-web-2-e1662051111262-300x222.png 300w, https:\/\/vetcoaticook.ca\/animaux-de-compagnie\/wp-content\/uploads\/sites\/2\/2022\/09\/site-web-2-e1662051111262-768x568.png 768w\" sizes=\"auto, (max-width: 1000px) 100vw, 1000px\" \/><\/div><\/div><\/div><div id=\"pgc-7-5-1\"  class=\"panel-grid-cell\" ><div id=\"panel-7-5-1-0\" class=\"so-panel widget widget_text panel-first-child panel-last-child\" data-index=\"8\" ><div class=\"text-accueil2 panel-widget-style panel-widget-style-for-7-5-1-0\" id=\"bloc6\" >\t\t\t<div class=\"textwidget\"><p>&nbsp;<\/p>\n<h2 style=\"color: black;\">NUTRITION<\/h2>\n<p class=\"western\" align=\"left\">La nutrition fait partie int\u00e9grante de la vie de votre compagnon poilu (ou non!). Elle est un \u00e9l\u00e9ment qui peut avoir un impact important sur sa sant\u00e9 physique et mentale. Il est donc essentiel de lui donner une nourriture saine et \u00e9quilibr\u00e9e adapt\u00e9e selon ses besoins. Une alimentation inad\u00e9quate risque de causer des probl\u00e8mes tels que l\u2019ob\u00e9sit\u00e9, le diab\u00e8te, les probl\u00e8mes de peau, etc.<\/p>\n<a class=\"maxbutton-1 maxbutton maxbutton-dentisterie\" href=\"\/animaux-de-compagnie\/nutrition\/\"><span class='mb-text'>EN SAVOIR PLUS<\/span><\/a>\n<\/div>\n\t\t<\/div><\/div><\/div><\/div><\/div><div id=\"pg-7-6\"  class=\"panel-grid panel-no-style\" ><div id=\"pgc-7-6-0\"  class=\"panel-grid-cell\" ><div id=\"panel-7-6-0-0\" class=\"widget_text so-panel widget widget_custom_html panel-first-child\" data-index=\"9\" ><div class=\"textwidget custom-html-widget\"><iframe loading=\"lazy\" src=\"https:\/\/www.google.com\/maps\/embed?pb=!1m18!1m12!1m3!1d2814.7284088694155!2d-71.82142948477716!3d45.13183907909834!2m3!1f0!2f0!3f0!3m2!1i1024!2i768!4f13.1!3m3!1m2!1s0x4cb658cec89be333%3A0xd783d9c4da85f980!2sClinique+V%C3%A9t%C3%A9rinaire+de+Coaticook!5e0!3m2!1sfr!2sus!4v1513804985794\" width=\"100%\" height=\"350\" frameborder=\"0\" style=\"border:0\" allowfullscreen><\/iframe><\/div><\/div><div id=\"panel-7-6-0-1\" class=\"so-panel widget widget_text panel-last-child\" data-index=\"10\" >\t\t\t<div class=\"textwidget\"><p><a href=\"https:\/\/vetcoaticook.ca\/animaux-de-compagnie\/wp-content\/uploads\/sites\/2\/2023\/09\/Politique-de-confidentialite-1.pdf\">Politique de confidentialit\u00e9<\/a><\/p>\n<\/div>\n\t\t<\/div><\/div><\/div><\/div>","protected":false},"excerpt":{"rendered":"<p>DENTISTERIECARDIOLOGIEDIAGNOSTICSOINS ET PREMIERS SOINSNUTRITION La Clinique V\u00e9t\u00e9rinaire de Coaticook offre des soins professionnels de qualit\u00e9 pour le bien \u00eatre de votre petit animal de compagnie dans la r\u00e9gion de Coaticook et environ. Notre clinique offre une gamme compl\u00e8te de services v\u00e9t\u00e9rinaires tels que: m\u00e9decine g\u00e9n\u00e9rale, dentisterie, cardiologie, laboratoire complet, radiographie num\u00e9rique et dentaire. Notre boutique<a class=\"readmore\" href=\"https:\/\/vetcoaticook.ca\/animaux-de-compagnie\/\">Read More<\/a><\/p>\n","protected":false},"author":1,"featured_media":0,"parent":0,"menu_order":0,"comment_status":"closed","ping_status":"closed","template":"","meta":{"footnotes":""},"class_list":["post-7","page","type-page","status-publish","hentry"],"_links":{"self":[{"href":"https:\/\/vetcoaticook.ca\/animaux-de-compagnie\/wp-json\/wp\/v2\/pages\/7","targetHints":{"allow":["GET"]}}],"collection":[{"href":"https:\/\/vetcoaticook.ca\/animaux-de-compagnie\/wp-json\/wp\/v2\/pages"}],"about":[{"href":"https:\/\/vetcoaticook.ca\/animaux-de-compagnie\/wp-json\/wp\/v2\/types\/page"}],"author":[{"embeddable":true,"href":"https:\/\/vetcoaticook.ca\/animaux-de-compagnie\/wp-json\/wp\/v2\/users\/1"}],"replies":[{"embeddable":true,"href":"https:\/\/vetcoaticook.ca\/animaux-de-compagnie\/wp-json\/wp\/v2\/comments?post=7"}],"version-history":[{"count":164,"href":"https:\/\/vetcoaticook.ca\/animaux-de-compagnie\/wp-json\/wp\/v2\/pages\/7\/revisions"}],"predecessor-version":[{"id":1572,"href":"https:\/\/vetcoaticook.ca\/animaux-de-compagnie\/wp-json\/wp\/v2\/pages\/7\/revisions\/1572"}],"wp:attachment":[{"href":"https:\/\/vetcoaticook.ca\/animaux-de-compagnie\/wp-json\/wp\/v2\/media?parent=7"}],"curies":[{"name":"wp","href":"https:\/\/api.w.org\/{rel}","templated":true}]}}