{"id":472,"date":"2017-12-22T09:38:01","date_gmt":"2017-12-22T14:38:01","guid":{"rendered":"http:\/\/vetcoaticook.imacom.qc.ca\/animaux-de-compagnie\/?page_id=472"},"modified":"2025-01-24T11:59:11","modified_gmt":"2025-01-24T16:59:11","slug":"nous-joindre","status":"publish","type":"page","link":"https:\/\/vetcoaticook.ca\/animaux-de-compagnie\/nous-joindre\/","title":{"rendered":"Nous joindre"},"content":{"rendered":"<div id=\"pl-472\"  class=\"panel-layout\" ><div id=\"pg-472-0\"  class=\"panel-grid panel-has-style\" ><div class=\"panel-row-style panel-row-style-for-472-0\" ><div id=\"pgc-472-0-0\"  class=\"panel-grid-cell\" ><div id=\"panel-472-0-0-0\" class=\"so-panel widget widget_text panel-first-child panel-last-child\" data-index=\"0\" >\t\t\t<div class=\"textwidget\"><h1 style=\"color: #047fc6;\">Nous joindre<\/h1>\n<\/div>\n\t\t<\/div><\/div><\/div><\/div><div id=\"pg-472-1\"  class=\"panel-grid panel-has-style\" ><div class=\"panel-row-style panel-row-style-for-472-1\" ><div id=\"pgc-472-1-0\"  class=\"panel-grid-cell\" ><div id=\"panel-472-1-0-0\" class=\"so-panel widget widget_text panel-first-child panel-last-child\" data-index=\"1\" >\t\t\t<div class=\"textwidget\"><p>Clinique v\u00e9t\u00e9rinaire de Coaticook<br \/>\n490, rue Main Ouest, Coaticook J1A 1P9<br \/>\n<strong>T\u00e9l. :<\/strong> <a style=\"color: #465a65;\" href=\"http:\/\/vetcoaticook.imacom.qc.ca\/animaux-de-compagnie\/races-et-maladies\/tel\">819 849-4865<\/a><br \/>\n<strong>T\u00e9l\u00e9c. :<\/strong><a style=\"color: #465a65;\" href=\"tel:8198499492\"> 819 849-9492<\/a><br \/>\n<a style=\"color: #465a65;\" href=\"mailto:tsa@vetcoaticook.ca\">tsa@vetcoaticook.ca<\/a><\/p>\n<\/div>\n\t\t<\/div><\/div><div id=\"pgc-472-1-1\"  class=\"panel-grid-cell\" ><div id=\"panel-472-1-1-0\" class=\"so-panel widget widget_text panel-first-child panel-last-child\" data-index=\"2\" >\t\t\t<div class=\"textwidget\"><p>Dre St\u00e9phanie Blanchette, MV<br \/>\nDr Philippe Lacroix, MV<br \/>\nDre Katia Marquis, MV<\/p>\n<\/div>\n\t\t<\/div><\/div><\/div><\/div><div id=\"pg-472-2\"  class=\"panel-grid panel-has-style\" ><div class=\"panel-row-style panel-row-style-for-472-2\" ><div id=\"pgc-472-2-0\"  class=\"panel-grid-cell\" ><div id=\"panel-472-2-0-0\" class=\"so-panel widget widget_text panel-first-child panel-last-child\" data-index=\"3\" >\t\t\t<div class=\"textwidget\"><p><iframe loading=\"lazy\" style=\"border: 0;height: 500px;\" src=\"https:\/\/www.google.com\/maps\/embed?pb=!1m18!1m12!1m3!1d2814.7284088694155!2d-71.82142948477716!3d45.13183907909834!2m3!1f0!2f0!3f0!3m2!1i1024!2i768!4f13.1!3m3!1m2!1s0x4cb658cec89be333%3A0xd783d9c4da85f980!2sClinique+V%C3%A9t%C3%A9rinaire+de+Coaticook!5e0!3m2!1sfr!2sus!4v1513804985794\" width=\"100%\" height=\"500px\" frameborder=\"0\" allowfullscreen=\"\"><\/iframe><\/p>\n<\/div>\n\t\t<\/div><\/div><div id=\"pgc-472-2-1\"  class=\"panel-grid-cell\" ><div id=\"panel-472-2-1-0\" class=\"so-panel widget widget_text panel-first-child panel-last-child\" data-index=\"4\" >\t\t\t<div class=\"textwidget\">\n<div class=\"wpcf7 no-js\" id=\"wpcf7-f477-o1\" lang=\"fr-CA\" dir=\"ltr\" data-wpcf7-id=\"477\">\n<div class=\"screen-reader-response\"><p role=\"status\" aria-live=\"polite\" aria-atomic=\"true\"><\/p> <ul><\/ul><\/div>\n<form action=\"\/animaux-de-compagnie\/wp-json\/wp\/v2\/pages\/472#wpcf7-f477-o1\" method=\"post\" class=\"wpcf7-form init\" aria-label=\"Contact form\" novalidate=\"novalidate\" data-status=\"init\">\n<fieldset class=\"hidden-fields-container\"><input type=\"hidden\" name=\"_wpcf7\" value=\"477\" \/><input type=\"hidden\" name=\"_wpcf7_version\" value=\"6.1.5\" \/><input type=\"hidden\" name=\"_wpcf7_locale\" value=\"fr_CA\" \/><input type=\"hidden\" name=\"_wpcf7_unit_tag\" value=\"wpcf7-f477-o1\" \/><input type=\"hidden\" name=\"_wpcf7_container_post\" value=\"0\" \/><input type=\"hidden\" name=\"_wpcf7_posted_data_hash\" value=\"\" \/>\n<\/fieldset>\n<p><label> Nom (requis)<br \/>\n<span class=\"wpcf7-form-control-wrap\" data-name=\"your-name\"><input size=\"40\" maxlength=\"400\" class=\"wpcf7-form-control wpcf7-text wpcf7-validates-as-required\" aria-required=\"true\" aria-invalid=\"false\" value=\"\" type=\"text\" name=\"your-name\" \/><\/span> <\/label>\n<\/p>\n<p><label> Courriel (requis)<br \/>\n<span class=\"wpcf7-form-control-wrap\" data-name=\"your-email\"><input size=\"40\" maxlength=\"400\" class=\"wpcf7-form-control wpcf7-email wpcf7-validates-as-required wpcf7-text wpcf7-validates-as-email\" aria-required=\"true\" aria-invalid=\"false\" value=\"\" type=\"email\" name=\"your-email\" \/><\/span> <\/label>\n<\/p>\n<p><label> Message<br \/>\n<span class=\"wpcf7-form-control-wrap\" data-name=\"your-message\"><textarea cols=\"40\" rows=\"10\" maxlength=\"2000\" class=\"wpcf7-form-control wpcf7-textarea\" aria-invalid=\"false\" name=\"your-message\"><\/textarea><\/span> <\/label>\n<\/p>\n<p><input class=\"wpcf7-form-control wpcf7-submit has-spinner\" type=\"submit\" value=\"Envoyer\" \/>\n<\/p><div class=\"wpcf7-response-output\" aria-hidden=\"true\"><\/div>\n<\/form>\n<\/div>\n\n<\/div>\n\t\t<\/div><\/div><\/div><\/div><\/div>","protected":false},"excerpt":{"rendered":"<p>Nous joindre Clinique v\u00e9t\u00e9rinaire de Coaticook 490, rue Main Ouest, Coaticook J1A 1P9 T\u00e9l. : 819 849-4865 T\u00e9l\u00e9c. : 819 849-9492 tsa@vetcoaticook.ca Dre St\u00e9phanie Blanchette, MV Dr Philippe Lacroix, MV Dre Katia Marquis, MV<\/p>\n","protected":false},"author":1,"featured_media":0,"parent":0,"menu_order":0,"comment_status":"closed","ping_status":"closed","template":"","meta":{"footnotes":""},"class_list":["post-472","page","type-page","status-publish","hentry"],"_links":{"self":[{"href":"https:\/\/vetcoaticook.ca\/animaux-de-compagnie\/wp-json\/wp\/v2\/pages\/472","targetHints":{"allow":["GET"]}}],"collection":[{"href":"https:\/\/vetcoaticook.ca\/animaux-de-compagnie\/wp-json\/wp\/v2\/pages"}],"about":[{"href":"https:\/\/vetcoaticook.ca\/animaux-de-compagnie\/wp-json\/wp\/v2\/types\/page"}],"author":[{"embeddable":true,"href":"https:\/\/vetcoaticook.ca\/animaux-de-compagnie\/wp-json\/wp\/v2\/users\/1"}],"replies":[{"embeddable":true,"href":"https:\/\/vetcoaticook.ca\/animaux-de-compagnie\/wp-json\/wp\/v2\/comments?post=472"}],"version-history":[{"count":33,"href":"https:\/\/vetcoaticook.ca\/animaux-de-compagnie\/wp-json\/wp\/v2\/pages\/472\/revisions"}],"predecessor-version":[{"id":1633,"href":"https:\/\/vetcoaticook.ca\/animaux-de-compagnie\/wp-json\/wp\/v2\/pages\/472\/revisions\/1633"}],"wp:attachment":[{"href":"https:\/\/vetcoaticook.ca\/animaux-de-compagnie\/wp-json\/wp\/v2\/media?parent=472"}],"curies":[{"name":"wp","href":"https:\/\/api.w.org\/{rel}","templated":true}]}}