{"id":369,"date":"2017-12-21T14:42:06","date_gmt":"2017-12-21T19:42:06","guid":{"rendered":"http:\/\/vetcoaticook.imacom.qc.ca\/animaux-de-compagnie\/?page_id=369"},"modified":"2022-09-21T13:56:55","modified_gmt":"2022-09-21T17:56:55","slug":"nutrition","status":"publish","type":"page","link":"https:\/\/vetcoaticook.ca\/animaux-de-compagnie\/nutrition\/","title":{"rendered":"NUTRITION"},"content":{"rendered":"<div id=\"pl-369\"  class=\"panel-layout\" ><div id=\"pg-369-0\"  class=\"panel-grid panel-has-style\" ><div class=\"panel-row-style panel-row-style-for-369-0\" ><div id=\"pgc-369-0-0\"  class=\"panel-grid-cell\" ><div id=\"panel-369-0-0-0\" class=\"so-panel widget widget_text panel-first-child panel-last-child\" data-index=\"0\" >\t\t\t<div class=\"textwidget\"><h1 style=\"color: #047fc6;\">Nutrition<\/h1>\n<p class=\"western\" align=\"left\">La nutrition fait partie int\u00e9grante de la vie de votre compagnon poilu (ou non!). Elle est un \u00e9l\u00e9ment qui peut avoir un impact important sur sa sant\u00e9 physique et mentale. Il est donc <span style=\"color: #000000;\"><span style=\"font-size: medium;\"><span lang=\"fr-CA\">essentiel<\/span><\/span><\/span> de lui donner une nourriture saine et \u00e9quilibr\u00e9e adapt\u00e9e selon ses besoins. Une alimentation inad\u00e9quate risque de causer des probl\u00e8mes tels que l\u2019ob\u00e9sit\u00e9, le diab\u00e8te, les probl\u00e8mes de peau, etc.<\/p>\n<p class=\"western\" align=\"left\">Les besoins nutritionnels de votre compagnon changeront au courant de sa vie. En effet, les besoins lors de la croissance de votre animal ne seront pas les m\u00eames que lorsqu\u2019il sera \u00e2g\u00e9. De plus, certains probl\u00e8mes de sant\u00e9 n\u00e9cessitent une <span style=\"color: #000000;\"><span style=\"font-size: medium;\"><span lang=\"fr-CA\">alimentation sp\u00e9cifique pour traiter ou pr\u00e9venir des r\u00e9cidives des sympt\u00f4mes de la maladie. <\/span><\/span><\/span><\/p>\n<p class=\"western\" align=\"left\">Il existe une grande vari\u00e9t\u00e9 de di\u00e8tes sur le march\u00e9 et nous savons que cela peut \u00eatre difficile pour vous de choisir parmi un si grand choix. Notre \u00e9quipe sp\u00e9cialis\u00e9e est l\u00e0 pour vous aider \u00e0 faire un choix \u00e9clair\u00e9 sur l<span style=\"color: #000000;\"><span style=\"font-size: medium;\"><span lang=\"fr-CA\">a di\u00e8te <\/span><\/span><\/span>la mieux adapt\u00e9e pour votre animal selon son stade de vie et sa condition m\u00e9dicale s\u2019il y a lieu.<\/p>\n<\/div>\n\t\t<\/div><\/div><\/div><\/div><\/div>","protected":false},"excerpt":{"rendered":"<p>Nutrition La nutrition fait partie int\u00e9grante de la vie de votre compagnon poilu (ou non!). Elle est un \u00e9l\u00e9ment qui peut avoir un impact important sur sa sant\u00e9 physique et mentale. Il est donc essentiel de lui donner une nourriture saine et \u00e9quilibr\u00e9e adapt\u00e9e selon ses besoins. Une alimentation inad\u00e9quate risque de causer des probl\u00e8mes<a class=\"readmore\" href=\"https:\/\/vetcoaticook.ca\/animaux-de-compagnie\/nutrition\/\">Read More<\/a><\/p>\n","protected":false},"author":1,"featured_media":0,"parent":0,"menu_order":0,"comment_status":"closed","ping_status":"closed","template":"","meta":{"footnotes":""},"class_list":["post-369","page","type-page","status-publish","hentry"],"_links":{"self":[{"href":"https:\/\/vetcoaticook.ca\/animaux-de-compagnie\/wp-json\/wp\/v2\/pages\/369","targetHints":{"allow":["GET"]}}],"collection":[{"href":"https:\/\/vetcoaticook.ca\/animaux-de-compagnie\/wp-json\/wp\/v2\/pages"}],"about":[{"href":"https:\/\/vetcoaticook.ca\/animaux-de-compagnie\/wp-json\/wp\/v2\/types\/page"}],"author":[{"embeddable":true,"href":"https:\/\/vetcoaticook.ca\/animaux-de-compagnie\/wp-json\/wp\/v2\/users\/1"}],"replies":[{"embeddable":true,"href":"https:\/\/vetcoaticook.ca\/animaux-de-compagnie\/wp-json\/wp\/v2\/comments?post=369"}],"version-history":[{"count":24,"href":"https:\/\/vetcoaticook.ca\/animaux-de-compagnie\/wp-json\/wp\/v2\/pages\/369\/revisions"}],"predecessor-version":[{"id":1394,"href":"https:\/\/vetcoaticook.ca\/animaux-de-compagnie\/wp-json\/wp\/v2\/pages\/369\/revisions\/1394"}],"wp:attachment":[{"href":"https:\/\/vetcoaticook.ca\/animaux-de-compagnie\/wp-json\/wp\/v2\/media?parent=369"}],"curies":[{"name":"wp","href":"https:\/\/api.w.org\/{rel}","templated":true}]}}