{"id":339,"date":"2017-12-21T14:11:28","date_gmt":"2017-12-21T19:11:28","guid":{"rendered":"http:\/\/vetcoaticook.imacom.qc.ca\/animaux-de-compagnie\/?page_id=339"},"modified":"2025-04-29T14:11:13","modified_gmt":"2025-04-29T18:11:13","slug":"chirurgie","status":"publish","type":"page","link":"https:\/\/vetcoaticook.ca\/animaux-de-compagnie\/chirurgie\/","title":{"rendered":"Chirurgie"},"content":{"rendered":"<div id=\"pl-339\"  class=\"panel-layout\" ><div id=\"pg-339-0\"  class=\"panel-grid panel-has-style\" ><div class=\"panel-row-style panel-row-style-for-339-0\" ><div id=\"pgc-339-0-0\"  class=\"panel-grid-cell\" ><div id=\"panel-339-0-0-0\" class=\"so-panel widget widget_text panel-first-child panel-last-child\" data-index=\"0\" >\t\t\t<div class=\"textwidget\"><h1 style=\"color: #047fc6;\"><img loading=\"lazy\" decoding=\"async\" class=\"alignright wp-image-1124\" src=\"https:\/\/vetcoaticook.ca\/animaux-de-compagnie\/wp-content\/uploads\/sites\/2\/2018\/06\/IMG_1871-300x200.jpg\" alt=\"\" width=\"413\" height=\"276\" srcset=\"https:\/\/vetcoaticook.ca\/animaux-de-compagnie\/wp-content\/uploads\/sites\/2\/2018\/06\/IMG_1871-300x200.jpg 300w, https:\/\/vetcoaticook.ca\/animaux-de-compagnie\/wp-content\/uploads\/sites\/2\/2018\/06\/IMG_1871-768x512.jpg 768w, https:\/\/vetcoaticook.ca\/animaux-de-compagnie\/wp-content\/uploads\/sites\/2\/2018\/06\/IMG_1871-1024x683.jpg 1024w, https:\/\/vetcoaticook.ca\/animaux-de-compagnie\/wp-content\/uploads\/sites\/2\/2018\/06\/IMG_1871-272x182.jpg 272w\" sizes=\"auto, (max-width: 413px) 100vw, 413px\" \/>Chirurgie<\/h1>\n<p><strong>St\u00e9rilisation (chat et chien)<\/strong><br \/>\nSt\u00e9rilisation des chats et chiens, m\u00e2les et femelles. Nous op\u00e9rons aussi les m\u00e2les qui sont cryptorchides (abdominal et inguinal).<\/p>\n<p><strong>Laparotomie exploratrice<\/strong><br \/>\nChirurgie qui consiste \u00e0 ouvrir l\u2019abdomen. Elle permet au v\u00e9t\u00e9rinaire de visualiser les organes, proc\u00e9der \u00e0 des biopsies et souvent le retrait de corps \u00e9tranger ou de masse.<\/p>\n<p><strong>Cystotomie<\/strong><br \/>\nChirurgie qui consiste \u00e0 ouvrir la vessie pour permettre le retrait de pierres v\u00e9sicales qui sont trop grosses pour \u00eatre \u00e9limin\u00e9es par les voies naturelles.<\/p>\n<p><strong>C\u00e9sarienne<\/strong><br \/>\nC\u2019est une intervention chirurgicale visant \u00e0 retirer les b\u00e9b\u00e9s des cornes ut\u00e9rines lorsque l\u2019animal n\u2019arrive pas \u00e0 mettre bas naturellement (dystocie).<\/p>\n<p><strong>Prolapsus de la glande nictitante (cherry eye)<\/strong><br \/>\nTraitement chirurgical du prolapsus de la glande nictitante qui consiste \u00e0 aller replacer la glande \u00e0 sa place anatomique.<\/p>\n<p><strong>Entropion\/Ectropion<\/strong><br \/>\nTraitement chirurgical qui vise \u00e0 r\u00e9appliquer la paupi\u00e8re contre la corn\u00e9e selon la malformation anatomique.<\/p>\n<p><strong>Gastropexie<\/strong><br \/>\nLa gastropexie est sugg\u00e9r\u00e9e en pr\u00e9vention de la torsion gastrique chez les chiens de grandes races. Lors de la chirurgie, nous allons suturer l\u2019estomac \u00e0 la paroi abdominale afin qu\u2019il y adh\u00e8re et soit fix\u00e9 de fa\u00e7on permanente.<\/p>\n<p><strong>Torsion gastrique<\/strong><br \/>\nLa chirurgie de torsion gastrique est faite en extr\u00eame urgence pour d\u00e9tordre l&rsquo;estomac et ainsi r\u00e9instaurer la vascularisation normale dans l&rsquo;estomac et dans le reste du corps. Nous terminons cette chirurgie en effectuant une gastropexie pour pr\u00e9venir une autre torsion.<\/p>\n<p><strong>Pyom\u00e8tre<\/strong><br \/>\nLe pyom\u00e8tre est le r\u00e9sultat d&rsquo;une d\u00e9g\u00e9n\u00e9rescence de l&rsquo;endom\u00e8tre (couche interne de la paroi ut\u00e9rine) souvent d&rsquo;origine hormonale qui entra\u00eene une infection et une accumulation de pus dans l&rsquo;ut\u00e9rus. Les bact\u00e9ries impliqu\u00e9es dans le pyom\u00e8tre peuvent produire des toxines et entra\u00eener de graves probl\u00e8mes. Le traitement du pyom\u00e8tre est le retrait complet de l\u2019ut\u00e9rus et des ovaires.<\/p>\n<p><strong>Hernie ombilicale et inguinale<br \/>\n<\/strong>Une hernie ombilicale est un d\u00e9faut de la paroi musculaire abdominale au niveau du nombril. Dans certains cas s\u00e9v\u00e8res, l&rsquo;ouverture dans les muscles abdominaux peut permettre le passage des organes \u00e0 l&rsquo;ext\u00e9rieur de l&rsquo;abdomen.<\/p>\n<p>Une hernie inguinale\u00a0se trouve au niveau du pli de l\u2019aine.\u00a0Dans certains des cas, un passage des intestins est possible.<\/p>\n<p>La chirurgie est le traitement de choix pour chacun.<\/p>\n<p><strong><img loading=\"lazy\" decoding=\"async\" class=\"size-medium wp-image-1146 alignright\" src=\"https:\/\/vetcoaticook.ca\/animaux-de-compagnie\/wp-content\/uploads\/sites\/2\/2018\/06\/IMG_2387-203x300.jpg\" alt=\"\" width=\"203\" height=\"300\" srcset=\"https:\/\/vetcoaticook.ca\/animaux-de-compagnie\/wp-content\/uploads\/sites\/2\/2018\/06\/IMG_2387-203x300.jpg 203w, https:\/\/vetcoaticook.ca\/animaux-de-compagnie\/wp-content\/uploads\/sites\/2\/2018\/06\/IMG_2387-768x1135.jpg 768w, https:\/\/vetcoaticook.ca\/animaux-de-compagnie\/wp-content\/uploads\/sites\/2\/2018\/06\/IMG_2387-693x1024.jpg 693w\" sizes=\"auto, (max-width: 203px) 100vw, 203px\" \/><\/strong><\/p>\n<p><strong>Prise de biopsie (peau, organes)<br \/>\n<\/strong>La biopsie est le pr\u00e9l\u00e8vement d&rsquo;un fragment de tissu ou d\u2019organe pour confirmer un diagnostic.<strong><br \/>\n<\/strong><\/p>\n<p><strong>Rhinoplastie<\/strong><br \/>\nLa rhinoplastie est un traitement chirurgical qui consiste \u00e0 \u00e9largir les narines d\u2019un animal lorsque celles-ci sont ferm\u00e9es pour permettre la respiration normale. Certaines races comme le Carlin, Bouledogue, P\u00e9kinois et le chat Persan sont pr\u00e9dispos\u00e9es \u00e0 la st\u00e9nose nasale.<strong><br \/>\n<\/strong><\/p>\n<p><strong>Amputation<br \/>\n<\/strong>L\u2019amputation consiste \u00e0 retirer chirurgicalement un membre ou une partie d\u2019un membre (patte, griffe, orteil, queue) suite a un traumatisme ou \u00e0 une maladie.<strong><br \/>\n<\/strong><\/p>\n<p><strong>Excision de masse<br \/>\n<\/strong>L\u2019excision de masse est le retrait chirurgical d\u2019une ou plusieurs parties de tissus (ex. tumeur canc\u00e9reuse).<strong><br \/>\n<\/strong><\/p>\n<p><strong>Pose de \u00a0\u00bbpl\u00e2tre\u00a0\u00bb<br \/>\n<\/strong>D\u00e9pendamment de la fracture, un pl\u00e2tre (en fibre de verre) peut \u00eatre pos\u00e9 sur votre animal\u00a0 pour acc\u00e9l\u00e9rer la gu\u00e9rison. Par contre, certaine fractures n\u00e9cessitent une intervention chirurgicale pour la r\u00e9paration.<\/p>\n<p><strong>\u00a0<\/strong><\/p>\n<\/div>\n\t\t<\/div><\/div><\/div><\/div><\/div>","protected":false},"excerpt":{"rendered":"<p>Chirurgie St\u00e9rilisation (chat et chien) St\u00e9rilisation des chats et chiens, m\u00e2les et femelles. Nous op\u00e9rons aussi les m\u00e2les qui sont cryptorchides (abdominal et inguinal). Laparotomie exploratrice Chirurgie qui consiste \u00e0 ouvrir l\u2019abdomen. Elle permet au v\u00e9t\u00e9rinaire de visualiser les organes, proc\u00e9der \u00e0 des biopsies et souvent le retrait de corps \u00e9tranger ou de masse. Cystotomie<a class=\"readmore\" href=\"https:\/\/vetcoaticook.ca\/animaux-de-compagnie\/chirurgie\/\">Read More<\/a><\/p>\n","protected":false},"author":1,"featured_media":0,"parent":0,"menu_order":0,"comment_status":"closed","ping_status":"closed","template":"","meta":{"footnotes":""},"class_list":["post-339","page","type-page","status-publish","hentry"],"_links":{"self":[{"href":"https:\/\/vetcoaticook.ca\/animaux-de-compagnie\/wp-json\/wp\/v2\/pages\/339","targetHints":{"allow":["GET"]}}],"collection":[{"href":"https:\/\/vetcoaticook.ca\/animaux-de-compagnie\/wp-json\/wp\/v2\/pages"}],"about":[{"href":"https:\/\/vetcoaticook.ca\/animaux-de-compagnie\/wp-json\/wp\/v2\/types\/page"}],"author":[{"embeddable":true,"href":"https:\/\/vetcoaticook.ca\/animaux-de-compagnie\/wp-json\/wp\/v2\/users\/1"}],"replies":[{"embeddable":true,"href":"https:\/\/vetcoaticook.ca\/animaux-de-compagnie\/wp-json\/wp\/v2\/comments?post=339"}],"version-history":[{"count":32,"href":"https:\/\/vetcoaticook.ca\/animaux-de-compagnie\/wp-json\/wp\/v2\/pages\/339\/revisions"}],"predecessor-version":[{"id":1123,"href":"https:\/\/vetcoaticook.ca\/animaux-de-compagnie\/wp-json\/wp\/v2\/pages\/339\/revisions\/1123"}],"wp:attachment":[{"href":"https:\/\/vetcoaticook.ca\/animaux-de-compagnie\/wp-json\/wp\/v2\/media?parent=339"}],"curies":[{"name":"wp","href":"https:\/\/api.w.org\/{rel}","templated":true}]}}