{"id":281,"date":"2017-12-21T13:45:31","date_gmt":"2017-12-21T18:45:31","guid":{"rendered":"http:\/\/vetcoaticook.imacom.qc.ca\/animaux-de-compagnie\/?page_id=281"},"modified":"2022-09-01T13:01:56","modified_gmt":"2022-09-01T17:01:56","slug":"dentisterie","status":"publish","type":"page","link":"https:\/\/vetcoaticook.ca\/animaux-de-compagnie\/dentisterie\/","title":{"rendered":"Dentisterie"},"content":{"rendered":"<div id=\"pl-281\"  class=\"panel-layout\" ><div id=\"pg-281-0\"  class=\"panel-grid panel-has-style\" ><div class=\"panel-row-style panel-row-style-for-281-0\" ><div id=\"pgc-281-0-0\"  class=\"panel-grid-cell\" ><div id=\"panel-281-0-0-0\" class=\"so-panel widget widget_text panel-first-child panel-last-child\" data-index=\"0\" ><div class=\"panel-widget-style panel-widget-style-for-281-0-0-0\" >\t\t\t<div class=\"textwidget\"><h1 style=\"color: #047fc6;\">Dentisterie<\/h1>\n<p>La qualit\u00e9 et la diversit\u00e9 des soins v\u00e9t\u00e9rinaires est en constante croissance \u00e0 travers le monde. La dentisterie est une des disciplines v\u00e9t\u00e9rinaires qui s\u2019est le plus d\u00e9velopp\u00e9e au cours de la derni\u00e8re d\u00e9cennie. Plusieurs interventions ne sont encore possibles que chez les v\u00e9t\u00e9rinaires sp\u00e9cialis\u00e9s en dentisterie mais de plus en plus de soins de dentisterie sont disponibles chez votre v\u00e9t\u00e9rinaire \u00ab de famille \u00bb.<\/p>\n<p>Comme toute bonne m\u00e9decine commence par de la pr\u00e9vention, nous vous recommanderons probablement, si ce n\u2019est pas autrement contrindiqu\u00e9, de nourrir votre petit c\u0153ur avec une nourriture qui brosse les dents, qui combat le tartre et la gingivite. Malgr\u00e9 cela, tout comme chez l\u2019humain, les probl\u00e8mes dentaires restent fr\u00e9quents (85% des animaux de compagnie en souffriraient apr\u00e8s l\u2019\u00e2ge d\u2019un an). En fait la gingivite\/parodontite est la maladie la plus fr\u00e9quente chez les animaux de compagnie.<\/p>\n<p><img decoding=\"async\" class=\"aligncenter\" src=\"http:\/\/hvcs.ca\/sites\/default\/files\/VOHC_Accepted_Seal.png\" alt=\"\" \/><br \/>\nVisitez le site de la \u00abVeterinary Oral Health Concil\u00bb pour conna\u00eetre leur protocole d\u2019\u00e9valuation des nourritures et g\u00e2teries<br \/>\npuis recherchez celles qui portent le sceau\u00a0 \u00abVOHC Accepted\u00bb. (Site anglais seulement)<br \/>\n<a style=\"color: #047fc6;\" href=\"http:\/\/www.vohc.org\/\">http:\/\/www.vohc.org\/<\/a><\/p>\n<\/div>\n\t\t<\/div><\/div><\/div><\/div><\/div><div id=\"pg-281-1\"  class=\"panel-grid panel-has-style\" ><div class=\"panel-row-style panel-row-style-for-281-1\" ><div id=\"pgc-281-1-0\"  class=\"panel-grid-cell\" ><div id=\"panel-281-1-0-0\" class=\"so-panel widget widget_media_image panel-first-child panel-last-child\" data-index=\"1\" ><img loading=\"lazy\" decoding=\"async\" width=\"190\" height=\"190\" src=\"https:\/\/vetcoaticook.ca\/animaux-de-compagnie\/wp-content\/uploads\/sites\/2\/2017\/12\/dentition.jpg\" class=\"image wp-image-282  attachment-full size-full\" alt=\"\" style=\"max-width: 100%; height: auto;\" srcset=\"https:\/\/vetcoaticook.ca\/animaux-de-compagnie\/wp-content\/uploads\/sites\/2\/2017\/12\/dentition.jpg 190w, https:\/\/vetcoaticook.ca\/animaux-de-compagnie\/wp-content\/uploads\/sites\/2\/2017\/12\/dentition-150x150.jpg 150w\" sizes=\"auto, (max-width: 190px) 100vw, 190px\" \/><\/div><\/div><div id=\"pgc-281-1-1\"  class=\"panel-grid-cell\" ><div id=\"panel-281-1-1-0\" class=\"so-panel widget widget_text panel-first-child panel-last-child\" data-index=\"2\" >\t\t\t<div class=\"textwidget\"><p>Dent de lait retenue: La dent plus mince et plus courbe derri\u00e8re la canine d\u2019adulte est la canine de b\u00e9b\u00e9 qui n\u2019est pas tomb\u00e9e au bon moment. Celle-ci est tr\u00e8s proche de la canine d\u2019adulte (elle fait contact) ce qui occasionne une accumulation de nourriture et de tartre entre les deux dents et va provoquer une d\u00e9g\u00e9n\u00e9rescence pr\u00e9matur\u00e9e de la canine d\u2019adulte. Il faut extraire ces dents de b\u00e9b\u00e9 retenues la plupart du temps.<\/p>\n<\/div>\n\t\t<\/div><\/div><\/div><\/div><div id=\"pg-281-2\"  class=\"panel-grid panel-has-style\" ><div class=\"panel-row-style panel-row-style-for-281-2\" ><div id=\"pgc-281-2-0\"  class=\"panel-grid-cell\" ><div id=\"panel-281-2-0-0\" class=\"so-panel widget widget_media_image panel-first-child panel-last-child\" data-index=\"3\" ><img loading=\"lazy\" decoding=\"async\" width=\"253\" height=\"190\" src=\"https:\/\/vetcoaticook.ca\/animaux-de-compagnie\/wp-content\/uploads\/sites\/2\/2017\/12\/injection.jpg\" class=\"image wp-image-283  attachment-full size-full\" alt=\"\" style=\"max-width: 100%; height: auto;\" \/><\/div><\/div><div id=\"pgc-281-2-1\"  class=\"panel-grid-cell\" ><div id=\"panel-281-2-1-0\" class=\"so-panel widget widget_text panel-first-child panel-last-child\" data-index=\"4\" >\t\t\t<div class=\"textwidget\"><p>La dentisterie chez les animaux de compagnie se fait sous anesth\u00e9sie g\u00e9n\u00e9rale mais nous utilisons des injections pour provoquer une anesth\u00e9sie locale ce qui nous permet de garder un plan d\u2019anesth\u00e9sie g\u00e9n\u00e9ral tr\u00e8s superficiel.<\/p>\n<\/div>\n\t\t<\/div><\/div><\/div><\/div><div id=\"pg-281-3\"  class=\"panel-grid panel-has-style\" ><div class=\"panel-row-style panel-row-style-for-281-3\" ><div id=\"pgc-281-3-0\"  class=\"panel-grid-cell\" ><div id=\"panel-281-3-0-0\" class=\"so-panel widget widget_media_image panel-first-child panel-last-child\" data-index=\"5\" ><img loading=\"lazy\" decoding=\"async\" width=\"253\" height=\"190\" src=\"https:\/\/vetcoaticook.ca\/animaux-de-compagnie\/wp-content\/uploads\/sites\/2\/2017\/12\/radio-dents.jpg\" class=\"image wp-image-284  attachment-full size-full\" alt=\"\" style=\"max-width: 100%; height: auto;\" \/><\/div><\/div><div id=\"pgc-281-3-1\"  class=\"panel-grid-cell\" ><div id=\"panel-281-3-1-0\" class=\"so-panel widget widget_text panel-first-child panel-last-child\" data-index=\"6\" >\t\t\t<div class=\"textwidget\"><p>Vous voyez sur cette radiographie dentaire, une petite dent enkyst\u00e9e sous la gencive. C\u2019est un probl\u00e8me potentiellement dangereux (le kyste peut grossir et faire fracturer la m\u00e2choire) qui n\u2019est pas visible \u00e0 l\u2019examen visuel de la bouche et qui ne se d\u00e9tecte qu\u2019\u00e0 l\u2019aide d\u2019une radiographie dentaire (le film est \u00e0 l\u2019int\u00e9rieur de la bouche et le canon de l\u2019appareil \u00e0 radiographie dentaire est orient\u00e9 de l\u2019ext\u00e9rieur pour exposer le film\u00a0 partout sauf les rayons bloqu\u00e9s par les structures dentaires et buccales).<\/p>\n<\/div>\n\t\t<\/div><\/div><\/div><\/div><div id=\"pg-281-4\"  class=\"panel-grid panel-has-style\" ><div class=\"panel-row-style panel-row-style-for-281-4\" ><div id=\"pgc-281-4-0\"  class=\"panel-grid-cell\" ><div id=\"panel-281-4-0-0\" class=\"so-panel widget widget_text panel-first-child panel-last-child\" data-index=\"7\" >\t\t\t<div class=\"textwidget\"><p>Comment brosser les dents d&rsquo;un chien (en anglais)<br \/>\n<a style=\"color:#047fc6;\" href=\"http:\/\/www.youtube.com\/watch?v=PsNlLLSBWLU\">http:\/\/www.youtube.com\/watch?v=PsNlLLSBWLU<\/a><\/p>\n<\/div>\n\t\t<\/div><\/div><\/div><\/div><\/div>","protected":false},"excerpt":{"rendered":"<p>Dentisterie La qualit\u00e9 et la diversit\u00e9 des soins v\u00e9t\u00e9rinaires est en constante croissance \u00e0 travers le monde. La dentisterie est une des disciplines v\u00e9t\u00e9rinaires qui s\u2019est le plus d\u00e9velopp\u00e9e au cours de la derni\u00e8re d\u00e9cennie. Plusieurs interventions ne sont encore possibles que chez les v\u00e9t\u00e9rinaires sp\u00e9cialis\u00e9s en dentisterie mais de plus en plus de soins<a class=\"readmore\" href=\"https:\/\/vetcoaticook.ca\/animaux-de-compagnie\/dentisterie\/\">Read More<\/a><\/p>\n","protected":false},"author":1,"featured_media":0,"parent":0,"menu_order":0,"comment_status":"closed","ping_status":"closed","template":"","meta":{"footnotes":""},"class_list":["post-281","page","type-page","status-publish","hentry"],"_links":{"self":[{"href":"https:\/\/vetcoaticook.ca\/animaux-de-compagnie\/wp-json\/wp\/v2\/pages\/281","targetHints":{"allow":["GET"]}}],"collection":[{"href":"https:\/\/vetcoaticook.ca\/animaux-de-compagnie\/wp-json\/wp\/v2\/pages"}],"about":[{"href":"https:\/\/vetcoaticook.ca\/animaux-de-compagnie\/wp-json\/wp\/v2\/types\/page"}],"author":[{"embeddable":true,"href":"https:\/\/vetcoaticook.ca\/animaux-de-compagnie\/wp-json\/wp\/v2\/users\/1"}],"replies":[{"embeddable":true,"href":"https:\/\/vetcoaticook.ca\/animaux-de-compagnie\/wp-json\/wp\/v2\/comments?post=281"}],"version-history":[{"count":48,"href":"https:\/\/vetcoaticook.ca\/animaux-de-compagnie\/wp-json\/wp\/v2\/pages\/281\/revisions"}],"predecessor-version":[{"id":1376,"href":"https:\/\/vetcoaticook.ca\/animaux-de-compagnie\/wp-json\/wp\/v2\/pages\/281\/revisions\/1376"}],"wp:attachment":[{"href":"https:\/\/vetcoaticook.ca\/animaux-de-compagnie\/wp-json\/wp\/v2\/media?parent=281"}],"curies":[{"name":"wp","href":"https:\/\/api.w.org\/{rel}","templated":true}]}}